{"id":54,"date":"2025-10-28T18:18:09","date_gmt":"2025-10-28T18:18:09","guid":{"rendered":"https:\/\/watchmaker.fi\/?page_id=54"},"modified":"2025-10-28T19:44:16","modified_gmt":"2025-10-28T19:44:16","slug":"huollot","status":"publish","type":"page","link":"https:\/\/watchmaker.fi\/?page_id=54","title":{"rendered":"Huollot"},"content":{"rendered":"\n<p>Rannekellojen ja taskukellojen huollot ammattitaidolla.<\/p>\n\n\n\n<p>Huoltoon sis\u00e4ltyy kellon purkaminen, osien esipesu, osien pesu siihen tarkoitetulla pesukoneella, puhtaiden osien tarkistukset ja mahdolliset mittaukset, kellon kokoaminen, koneiston \u00f6ljy\u00e4minen, tarvittavat s\u00e4\u00e4d\u00f6t ja tarkistukset, taulun ja osoittimien asettaminen, koko koneiston asentaminen kuoreen, koek\u00e4ytt\u00f6 ja vesitiiviiden kellojen tiiveyden testaaminen siihen tarkoitetulla painetesterill\u00e4.<\/p>\n\n\n","protected":false},"excerpt":{"rendered":"<p>Rannekellojen ja taskukellojen huollot ammattitaidolla. Huoltoon sis\u00e4ltyy kellon purkaminen, osien esipesu, osien pesu siihen tarkoitetulla pesukoneella, puhtaiden osien tarkistukset ja mahdolliset mittaukset, kellon kokoaminen, koneiston \u00f6ljy\u00e4minen, tarvittavat s\u00e4\u00e4d\u00f6t ja tarkistukset, taulun ja osoittimien asettaminen, koko koneiston asentaminen kuoreen, koek\u00e4ytt\u00f6 ja vesitiiviiden kellojen tiiveyden testaaminen siihen tarkoitetulla painetesterill\u00e4.<\/p>\n","protected":false},"author":1,"featured_media":0,"parent":26,"menu_order":1,"comment_status":"closed","ping_status":"closed","template":"page-with-sidebar","meta":{"footnotes":""},"class_list":["post-54","page","type-page","status-publish","hentry"],"jetpack_sharing_enabled":true,"_links":{"self":[{"href":"https:\/\/watchmaker.fi\/index.php?rest_route=\/wp\/v2\/pages\/54","targetHints":{"allow":["GET"]}}],"collection":[{"href":"https:\/\/watchmaker.fi\/index.php?rest_route=\/wp\/v2\/pages"}],"about":[{"href":"https:\/\/watchmaker.fi\/index.php?rest_route=\/wp\/v2\/types\/page"}],"author":[{"embeddable":true,"href":"https:\/\/watchmaker.fi\/index.php?rest_route=\/wp\/v2\/users\/1"}],"replies":[{"embeddable":true,"href":"https:\/\/watchmaker.fi\/index.php?rest_route=%2Fwp%2Fv2%2Fcomments&post=54"}],"version-history":[{"count":5,"href":"https:\/\/watchmaker.fi\/index.php?rest_route=\/wp\/v2\/pages\/54\/revisions"}],"predecessor-version":[{"id":80,"href":"https:\/\/watchmaker.fi\/index.php?rest_route=\/wp\/v2\/pages\/54\/revisions\/80"}],"up":[{"embeddable":true,"href":"https:\/\/watchmaker.fi\/index.php?rest_route=\/wp\/v2\/pages\/26"}],"wp:attachment":[{"href":"https:\/\/watchmaker.fi\/index.php?rest_route=%2Fwp%2Fv2%2Fmedia&parent=54"}],"curies":[{"name":"wp","href":"https:\/\/api.w.org\/{rel}","templated":true}]}}