{"id":64,"date":"2025-10-28T19:41:53","date_gmt":"2025-10-28T19:41:53","guid":{"rendered":"https:\/\/watchmaker.fi\/?page_id=64"},"modified":"2025-10-28T19:41:53","modified_gmt":"2025-10-28T19:41:53","slug":"rannekellot","status":"publish","type":"page","link":"https:\/\/watchmaker.fi\/?page_id=64","title":{"rendered":"Rannekellot"},"content":{"rendered":"\n<p class=\"has-contrast-3-background-color has-background\">Rannekellojen huoltohinnat alkaen:<\/p>\n\n\n\n<p class=\"has-base-background-color has-background\"><\/p>\n\n\n\n<p class=\"has-accent-background-color has-background\">Manuaalivetoinen rannekello         280\u20ac<\/p>\n\n\n\n<p class=\"has-accent-background-color has-background\">Automaattivetoinen rannekello      370\u20ac<\/p>\n\n\n\n<p class=\"has-accent-background-color has-background\">Manuaalivetoinen kronografi          450\u20ac<\/p>\n\n\n\n<p class=\"has-accent-background-color has-background\">Automaattivetoinen kronografi       500\u20ac<\/p>\n\n\n\n<p class=\"has-accent-background-color has-background\">Tarkat huoltohinnat selvitet\u00e4\u00e4n yhdess\u00e4 asiakkaan kanssa ja mit\u00e4\u00e4n ty\u00f6t\u00e4 ei aloiteta ilman asiakkaan suostumusta ja tietoa hinnoista. <\/p>\n\n\n\n<p class=\"has-accent-5-background-color has-background\">Lopulliseen hintaan ei siis sis\u00e4lly mit\u00e4\u00e4n yll\u00e4tyksi\u00e4, kun valmis kello noudetaan huollosta<\/p>\n\n\n<nav class=\"is-responsive wp-block-navigation is-layout-flex wp-block-navigation-is-layout-flex\" aria-label=\"Navigaatio\" \n\t\t data-wp-interactive=\"core\/navigation\" data-wp-context='{\"overlayOpenedBy\":{\"click\":false,\"hover\":false,\"focus\":false},\"type\":\"overlay\",\"roleAttribute\":\"\",\"ariaLabel\":\"Valikko\"}'><button aria-haspopup=\"dialog\" aria-label=\"Avaa valikko\" class=\"wp-block-navigation__responsive-container-open\" \n\t\t\t\tdata-wp-on--click=\"actions.openMenuOnClick\"\n\t\t\t\tdata-wp-on--keydown=\"actions.handleMenuKeydown\"\n\t\t\t><svg width=\"24\" height=\"24\" xmlns=\"http:\/\/www.w3.org\/2000\/svg\" viewBox=\"0 0 24 24\" aria-hidden=\"true\" focusable=\"false\"><path d=\"M4 7.5h16v1.5H4z\"><\/path><path d=\"M4 15h16v1.5H4z\"><\/path><\/svg><\/button>\n\t\t\t\t<div class=\"wp-block-navigation__responsive-container\"  id=\"modal-1\" \n\t\t\t\tdata-wp-class--has-modal-open=\"state.isMenuOpen\"\n\t\t\t\tdata-wp-class--is-menu-open=\"state.isMenuOpen\"\n\t\t\t\tdata-wp-watch=\"callbacks.initMenu\"\n\t\t\t\tdata-wp-on--keydown=\"actions.handleMenuKeydown\"\n\t\t\t\tdata-wp-on--focusout=\"actions.handleMenuFocusout\"\n\t\t\t\ttabindex=\"-1\"\n\t\t\t>\n\t\t\t\t\t<div class=\"wp-block-navigation__responsive-close\" tabindex=\"-1\">\n\t\t\t\t\t\t<div class=\"wp-block-navigation__responsive-dialog\" \n\t\t\t\tdata-wp-bind--aria-modal=\"state.ariaModal\"\n\t\t\t\tdata-wp-bind--aria-label=\"state.ariaLabel\"\n\t\t\t\tdata-wp-bind--role=\"state.roleAttribute\"\n\t\t\t>\n\t\t\t\t\t\t\t<button aria-label=\"Sulje valikko\" class=\"wp-block-navigation__responsive-container-close\" \n\t\t\t\tdata-wp-on--click=\"actions.closeMenuOnClick\"\n\t\t\t><svg xmlns=\"http:\/\/www.w3.org\/2000\/svg\" viewBox=\"0 0 24 24\" width=\"24\" height=\"24\" aria-hidden=\"true\" focusable=\"false\"><path d=\"m13.06 12 6.47-6.47-1.06-1.06L12 10.94 5.53 4.47 4.47 5.53 10.94 12l-6.47 6.47 1.06 1.06L12 13.06l6.47 6.47 1.06-1.06L13.06 12Z\"><\/path><\/svg><\/button>\n\t\t\t\t\t\t\t<div class=\"wp-block-navigation__responsive-container-content\" \n\t\t\t\tdata-wp-watch=\"callbacks.focusFirstElement\"\n\t\t\t id=\"modal-1-content\">\n\t\t\t\t\t\t\t\t<ul class=\"wp-block-navigation__container is-responsive wp-block-navigation\"><li data-wp-context=\"{ &quot;submenuOpenedBy&quot;: { &quot;click&quot;: false, &quot;hover&quot;: false, &quot;focus&quot;: false }, &quot;type&quot;: &quot;submenu&quot;, &quot;modal&quot;: null, &quot;previousFocus&quot;: null }\" data-wp-interactive=\"core\/navigation\" data-wp-on--focusout=\"actions.handleMenuFocusout\" data-wp-on--keydown=\"actions.handleMenuKeydown\" data-wp-on--mouseenter=\"actions.openMenuOnHover\" data-wp-on--mouseleave=\"actions.closeMenuOnHover\" data-wp-watch=\"callbacks.initMenu\" tabindex=\"-1\" class=\"wp-block-navigation-item has-child open-on-hover-click wp-block-navigation-submenu\"><a class=\"wp-block-navigation-item__content\" href=\"https:\/\/watchmaker.fi\/\"><span class=\"wp-block-navigation-item__label\">Kellosepp\u00e4 Mikko Kvist<\/span><\/a><button data-wp-bind--aria-expanded=\"state.isMenuOpen\" data-wp-on--click=\"actions.toggleMenuOnClick\" aria-label=\"Kellosepp\u00e4 Mikko Kvist alavalikko\" class=\"wp-block-navigation__submenu-icon wp-block-navigation-submenu__toggle\" ><svg xmlns=\"http:\/\/www.w3.org\/2000\/svg\" width=\"12\" height=\"12\" viewBox=\"0 0 12 12\" fill=\"none\" aria-hidden=\"true\" focusable=\"false\"><path d=\"M1.50002 4L6.00002 8L10.5 4\" stroke-width=\"1.5\"><\/path><\/svg><\/button><ul data-wp-on--focus=\"actions.openMenuOnFocus\" class=\"wp-block-navigation__submenu-container wp-block-navigation-submenu\"><li class=\" wp-block-navigation-item wp-block-navigation-link\"><a class=\"wp-block-navigation-item__content\"  href=\"https:\/\/watchmaker.fi\/?page_id=54\"><span class=\"wp-block-navigation-item__label\">Huollot<\/span><\/a><\/li><li class=\" wp-block-navigation-item wp-block-navigation-link\"><a class=\"wp-block-navigation-item__content\"  href=\"https:\/\/watchmaker.fi\/?page_id=64\"><span class=\"wp-block-navigation-item__label\">Rannekellot<\/span><\/a><\/li><li class=\" wp-block-navigation-item wp-block-navigation-link\"><a class=\"wp-block-navigation-item__content\"  href=\"https:\/\/watchmaker.fi\/?page_id=83\"><span class=\"wp-block-navigation-item__label\">Taskukellot<\/span><\/a><\/li><\/ul><\/li><\/ul>\n\t\t\t\t\t\t\t<\/div>\n\t\t\t\t\t\t<\/div>\n\t\t\t\t\t<\/div>\n\t\t\t\t<\/div><\/nav>\n\n\n<p><\/p>\n","protected":false},"excerpt":{"rendered":"<p>Rannekellojen huoltohinnat alkaen: Manuaalivetoinen rannekello 280\u20ac Automaattivetoinen rannekello 370\u20ac Manuaalivetoinen kronografi 450\u20ac Automaattivetoinen kronografi 500\u20ac Tarkat huoltohinnat selvitet\u00e4\u00e4n yhdess\u00e4 asiakkaan kanssa ja mit\u00e4\u00e4n ty\u00f6t\u00e4 ei aloiteta ilman asiakkaan suostumusta ja tietoa hinnoista. Lopulliseen hintaan ei siis sis\u00e4lly mit\u00e4\u00e4n yll\u00e4tyksi\u00e4, kun valmis kello noudetaan huollosta<\/p>\n","protected":false},"author":1,"featured_media":0,"parent":0,"menu_order":2,"comment_status":"closed","ping_status":"closed","template":"","meta":{"footnotes":""},"class_list":["post-64","page","type-page","status-publish","hentry"],"jetpack_sharing_enabled":true,"_links":{"self":[{"href":"https:\/\/watchmaker.fi\/index.php?rest_route=\/wp\/v2\/pages\/64","targetHints":{"allow":["GET"]}}],"collection":[{"href":"https:\/\/watchmaker.fi\/index.php?rest_route=\/wp\/v2\/pages"}],"about":[{"href":"https:\/\/watchmaker.fi\/index.php?rest_route=\/wp\/v2\/types\/page"}],"author":[{"embeddable":true,"href":"https:\/\/watchmaker.fi\/index.php?rest_route=\/wp\/v2\/users\/1"}],"replies":[{"embeddable":true,"href":"https:\/\/watchmaker.fi\/index.php?rest_route=%2Fwp%2Fv2%2Fcomments&post=64"}],"version-history":[{"count":5,"href":"https:\/\/watchmaker.fi\/index.php?rest_route=\/wp\/v2\/pages\/64\/revisions"}],"predecessor-version":[{"id":72,"href":"https:\/\/watchmaker.fi\/index.php?rest_route=\/wp\/v2\/pages\/64\/revisions\/72"}],"wp:attachment":[{"href":"https:\/\/watchmaker.fi\/index.php?rest_route=%2Fwp%2Fv2%2Fmedia&parent=64"}],"curies":[{"name":"wp","href":"https:\/\/api.w.org\/{rel}","templated":true}]}}